{"id":29,"date":"2017-04-13T11:05:26","date_gmt":"2017-04-13T11:05:26","guid":{"rendered":"http:\/\/neu.islandpferde-wenzel.at\/?page_id=29"},"modified":"2025-11-14T21:14:39","modified_gmt":"2025-11-14T21:14:39","slug":"zuchtpferde","status":"publish","type":"page","link":"https:\/\/www.islandpferde-wenzel.at\/?page_id=29","title":{"rendered":"Zuchtpferde"},"content":{"rendered":"\n<h2 class=\"wp-block-heading has-vivid-green-cyan-color has-text-color\"><strong>Nachwuchs 2022<\/strong><\/h2>\n\n\n\n<p class=\"has-medium-font-size\">Edda von Mooskirchen, Mutter: Eldborg fr\u00e1 Dallandi, Vater: Glans fr\u00e1 Dallandi<\/p>\n\n\n\n<figure class=\"wp-block-gallery has-nested-images columns-default is-cropped wp-block-gallery-1 is-layout-flex wp-block-gallery-is-layout-flex\">\n<figure class=\"wp-block-image size-large\"><img loading=\"lazy\" decoding=\"async\" width=\"1280\" height=\"854\" data-id=\"735\" src=\"https:\/\/www.islandpferde-wenzel.at\/wp-content\/uploads\/2022\/05\/DSC_3075.jpeg\" alt=\"\" class=\"wp-image-735\"\/><\/figure>\n\n\n\n<figure class=\"wp-block-image size-large\"><img loading=\"lazy\" decoding=\"async\" width=\"1280\" height=\"854\" data-id=\"740\" src=\"https:\/\/www.islandpferde-wenzel.at\/wp-content\/uploads\/2022\/05\/DSC_3079.jpeg\" alt=\"\" class=\"wp-image-740\"\/><\/figure>\n\n\n\n<figure class=\"wp-block-image size-large\"><img loading=\"lazy\" decoding=\"async\" width=\"1280\" height=\"854\" data-id=\"743\" src=\"https:\/\/www.islandpferde-wenzel.at\/wp-content\/uploads\/2022\/05\/DSC_3110.jpeg\" alt=\"\" class=\"wp-image-743\"\/><\/figure>\n\n\n\n<figure class=\"wp-block-image size-large\"><img loading=\"lazy\" decoding=\"async\" width=\"1280\" height=\"854\" data-id=\"733\" src=\"https:\/\/www.islandpferde-wenzel.at\/wp-content\/uploads\/2022\/05\/DSC_3113.jpeg\" alt=\"\" class=\"wp-image-733\"\/><\/figure>\n\n\n\n<figure class=\"wp-block-image size-large\"><img loading=\"lazy\" decoding=\"async\" width=\"1280\" height=\"854\" data-id=\"734\" src=\"https:\/\/www.islandpferde-wenzel.at\/wp-content\/uploads\/2022\/05\/DSC_3118.jpeg\" alt=\"\" class=\"wp-image-734\"\/><\/figure>\n\n\n\n<figure class=\"wp-block-image size-large\"><img loading=\"lazy\" decoding=\"async\" width=\"1280\" height=\"854\" data-id=\"747\" src=\"https:\/\/www.islandpferde-wenzel.at\/wp-content\/uploads\/2022\/05\/DSC_3146.jpeg\" alt=\"\" class=\"wp-image-747\"\/><\/figure>\n\n\n\n<figure class=\"wp-block-image size-large\"><img loading=\"lazy\" decoding=\"async\" width=\"1280\" height=\"854\" data-id=\"736\" src=\"https:\/\/www.islandpferde-wenzel.at\/wp-content\/uploads\/2022\/05\/DSC_3151.jpeg\" alt=\"\" class=\"wp-image-736\"\/><\/figure>\n\n\n\n<figure class=\"wp-block-image size-large\"><img loading=\"lazy\" decoding=\"async\" width=\"1280\" height=\"854\" data-id=\"737\" src=\"https:\/\/www.islandpferde-wenzel.at\/wp-content\/uploads\/2022\/05\/DSC_3222.jpeg\" alt=\"\" class=\"wp-image-737\"\/><\/figure>\n\n\n\n<figure class=\"wp-block-image size-large\"><img loading=\"lazy\" decoding=\"async\" width=\"1280\" height=\"854\" data-id=\"738\" src=\"https:\/\/www.islandpferde-wenzel.at\/wp-content\/uploads\/2022\/05\/DSC_3246.jpeg\" alt=\"\" class=\"wp-image-738\"\/><\/figure>\n\n\n\n<figure class=\"wp-block-image size-large\"><img loading=\"lazy\" decoding=\"async\" width=\"1280\" height=\"854\" data-id=\"741\" src=\"https:\/\/www.islandpferde-wenzel.at\/wp-content\/uploads\/2022\/05\/DSC_3250.jpeg\" alt=\"\" class=\"wp-image-741\"\/><\/figure>\n\n\n\n<figure class=\"wp-block-image size-large\"><img loading=\"lazy\" decoding=\"async\" width=\"1280\" height=\"854\" data-id=\"732\" src=\"https:\/\/www.islandpferde-wenzel.at\/wp-content\/uploads\/2022\/05\/DSC_3252.jpeg\" alt=\"\" class=\"wp-image-732\"\/><\/figure>\n\n\n\n<figure class=\"wp-block-image size-large\"><img loading=\"lazy\" decoding=\"async\" width=\"1280\" height=\"854\" data-id=\"744\" src=\"https:\/\/www.islandpferde-wenzel.at\/wp-content\/uploads\/2022\/05\/DSC_3256.jpeg\" alt=\"\" class=\"wp-image-744\"\/><\/figure>\n\n\n\n<figure class=\"wp-block-image size-large\"><img loading=\"lazy\" decoding=\"async\" width=\"1280\" height=\"854\" data-id=\"749\" src=\"https:\/\/www.islandpferde-wenzel.at\/wp-content\/uploads\/2022\/05\/DSC_3263.jpeg\" alt=\"\" class=\"wp-image-749\"\/><\/figure>\n\n\n\n<figure class=\"wp-block-image size-large\"><img loading=\"lazy\" decoding=\"async\" width=\"1280\" height=\"854\" data-id=\"745\" src=\"https:\/\/www.islandpferde-wenzel.at\/wp-content\/uploads\/2022\/05\/DSC_3288.jpeg\" alt=\"\" class=\"wp-image-745\"\/><\/figure>\n\n\n\n<figure class=\"wp-block-image size-large\"><img loading=\"lazy\" decoding=\"async\" width=\"1280\" height=\"854\" data-id=\"746\" src=\"https:\/\/www.islandpferde-wenzel.at\/wp-content\/uploads\/2022\/05\/DSC_3295.jpeg\" alt=\"\" class=\"wp-image-746\"\/><\/figure>\n\n\n\n<figure class=\"wp-block-image size-large\"><img loading=\"lazy\" decoding=\"async\" width=\"1280\" height=\"854\" data-id=\"739\" src=\"https:\/\/www.islandpferde-wenzel.at\/wp-content\/uploads\/2022\/05\/DSC_3301.jpeg\" alt=\"\" class=\"wp-image-739\"\/><\/figure>\n\n\n\n<figure class=\"wp-block-image size-large\"><img loading=\"lazy\" decoding=\"async\" width=\"1280\" height=\"854\" data-id=\"751\" src=\"https:\/\/www.islandpferde-wenzel.at\/wp-content\/uploads\/2022\/05\/DSC_3319.jpeg\" alt=\"\" class=\"wp-image-751\"\/><\/figure>\n\n\n\n<figure class=\"wp-block-image size-large\"><img loading=\"lazy\" decoding=\"async\" width=\"1280\" height=\"854\" data-id=\"750\" src=\"https:\/\/www.islandpferde-wenzel.at\/wp-content\/uploads\/2022\/05\/DSC_3339.jpeg\" alt=\"\" class=\"wp-image-750\"\/><\/figure>\n\n\n\n<figure class=\"wp-block-image size-large\"><img loading=\"lazy\" decoding=\"async\" width=\"1280\" height=\"854\" data-id=\"748\" src=\"https:\/\/www.islandpferde-wenzel.at\/wp-content\/uploads\/2022\/05\/DSC_3345.jpeg\" alt=\"\" class=\"wp-image-748\"\/><\/figure>\n\n\n\n<figure class=\"wp-block-image size-large\"><img loading=\"lazy\" decoding=\"async\" width=\"1280\" height=\"854\" data-id=\"742\" src=\"https:\/\/www.islandpferde-wenzel.at\/wp-content\/uploads\/2022\/05\/DSC_3361.jpeg\" alt=\"\" class=\"wp-image-742\"\/><\/figure>\n<\/figure>\n\n\n\n<h1 class=\"wp-block-heading\">&nbsp;<\/h1>\n\n\n\n<h1 class=\"wp-block-heading\">&nbsp;<\/h1>\n\n\n\n<h1 class=\"wp-block-heading\"><strong>Magni fr\u00e1 Hvanneyri,&nbsp;<\/strong><strong>IS2004135535<\/strong><\/h1>\n\n\n\n<figure class=\"wp-block-gallery has-nested-images columns-default is-cropped wp-block-gallery-2 is-layout-flex wp-block-gallery-is-layout-flex\">\n<figure class=\"wp-block-image size-large\"><img loading=\"lazy\" decoding=\"async\" width=\"1024\" height=\"683\" data-id=\"107\" src=\"https:\/\/www.islandpferde-wenzel.at\/wp-content\/uploads\/2017\/04\/7021_134-1024x683.jpg\" alt=\"\" class=\"wp-image-107\" srcset=\"https:\/\/www.islandpferde-wenzel.at\/wp-content\/uploads\/2017\/04\/7021_134-1024x683.jpg 1024w, https:\/\/www.islandpferde-wenzel.at\/wp-content\/uploads\/2017\/04\/7021_134-300x200.jpg 300w, https:\/\/www.islandpferde-wenzel.at\/wp-content\/uploads\/2017\/04\/7021_134-768x512.jpg 768w, https:\/\/www.islandpferde-wenzel.at\/wp-content\/uploads\/2017\/04\/7021_134-619x413.jpg 619w, https:\/\/www.islandpferde-wenzel.at\/wp-content\/uploads\/2017\/04\/7021_134.jpg 1260w\" sizes=\"auto, (max-width: 1024px) 100vw, 1024px\" \/><\/figure>\n\n\n\n<figure class=\"wp-block-image size-large\"><img loading=\"lazy\" decoding=\"async\" width=\"1024\" height=\"683\" data-id=\"108\" src=\"https:\/\/www.islandpferde-wenzel.at\/wp-content\/uploads\/2017\/04\/7021_197-1024x683.jpg\" alt=\"\" class=\"wp-image-108\" srcset=\"https:\/\/www.islandpferde-wenzel.at\/wp-content\/uploads\/2017\/04\/7021_197-1024x683.jpg 1024w, https:\/\/www.islandpferde-wenzel.at\/wp-content\/uploads\/2017\/04\/7021_197-300x200.jpg 300w, https:\/\/www.islandpferde-wenzel.at\/wp-content\/uploads\/2017\/04\/7021_197-768x512.jpg 768w, https:\/\/www.islandpferde-wenzel.at\/wp-content\/uploads\/2017\/04\/7021_197-619x413.jpg 619w, https:\/\/www.islandpferde-wenzel.at\/wp-content\/uploads\/2017\/04\/7021_197.jpg 1260w\" sizes=\"auto, (max-width: 1024px) 100vw, 1024px\" \/><\/figure>\n\n\n\n<figure class=\"wp-block-image size-large\"><img loading=\"lazy\" decoding=\"async\" width=\"1024\" height=\"683\" data-id=\"109\" src=\"https:\/\/www.islandpferde-wenzel.at\/wp-content\/uploads\/2017\/04\/7021_187-1024x683.jpg\" alt=\"\" class=\"wp-image-109\" srcset=\"https:\/\/www.islandpferde-wenzel.at\/wp-content\/uploads\/2017\/04\/7021_187-1024x683.jpg 1024w, https:\/\/www.islandpferde-wenzel.at\/wp-content\/uploads\/2017\/04\/7021_187-300x200.jpg 300w, https:\/\/www.islandpferde-wenzel.at\/wp-content\/uploads\/2017\/04\/7021_187-768x512.jpg 768w, https:\/\/www.islandpferde-wenzel.at\/wp-content\/uploads\/2017\/04\/7021_187-619x413.jpg 619w, https:\/\/www.islandpferde-wenzel.at\/wp-content\/uploads\/2017\/04\/7021_187.jpg 1260w\" sizes=\"auto, (max-width: 1024px) 100vw, 1024px\" \/><\/figure>\n<\/figure>\n\n\n\n<p class=\"has-medium-font-size\">V: St\u00e1li fr\u00e1 Kjarri (Reiteigenschaften 9,09) M: Vera fr\u00e1 Eyj\u00f3lfsst\u00f6dum (Gesamt: 7,69) Exterieur: 8,04? Reiteigenschaften: 8,46 <strong>Gesamt: 8,29<\/strong><\/p>\n\n\n\n<p class=\"has-medium-font-size\">Temperamentvoller F\u00fcnfganghengst mit hervorragenden Reiteigenschaften. Sehr guter T\u00f6lt, kraftvoller Rennpass, sowie ausgezeichnete Oberlinie und Interieur. Deckt am Islandpferdehof Mooskirchen<\/p>\n\n\n\n<p class=\"has-medium-font-size\"><\/p>\n\n\n\n<p class=\"has-medium-font-size\"><strong>Nachzucht:<\/strong><\/p>\n\n\n\n<figure class=\"wp-block-image\"><img loading=\"lazy\" decoding=\"async\" width=\"300\" height=\"200\" src=\"http:\/\/www.islandpferde-wenzel.at\/wp-content\/uploads\/2021\/09\/DSC_3515-300x200.jpeg\" alt=\"\" class=\"wp-image-526\" srcset=\"https:\/\/www.islandpferde-wenzel.at\/wp-content\/uploads\/2021\/09\/DSC_3515-300x200.jpeg 300w, https:\/\/www.islandpferde-wenzel.at\/wp-content\/uploads\/2021\/09\/DSC_3515-1024x683.jpeg 1024w, https:\/\/www.islandpferde-wenzel.at\/wp-content\/uploads\/2021\/09\/DSC_3515-768x512.jpeg 768w, https:\/\/www.islandpferde-wenzel.at\/wp-content\/uploads\/2021\/09\/DSC_3515-619x413.jpeg 619w, https:\/\/www.islandpferde-wenzel.at\/wp-content\/uploads\/2021\/09\/DSC_3515.jpeg 1280w\" sizes=\"auto, (max-width: 300px) 100vw, 300px\" \/><\/figure>\n\n\n\n<p class=\"has-medium-font-size\"><strong>Arna<\/strong> von Mooskirchen, geb. 2016<\/p>\n\n\n\n<p class=\"has-white-color has-text-color has-link-color wp-elements-f7a689fce178a727f98f2645458ec63f\">xxx<\/p>\n\n\n\n<figure class=\"wp-block-image\"><img loading=\"lazy\" decoding=\"async\" width=\"300\" height=\"200\" src=\"http:\/\/www.islandpferde-wenzel.at\/wp-content\/uploads\/2021\/09\/DSC_3068-300x200.jpeg\" alt=\"\" class=\"wp-image-521\" srcset=\"https:\/\/www.islandpferde-wenzel.at\/wp-content\/uploads\/2021\/09\/DSC_3068-300x200.jpeg 300w, https:\/\/www.islandpferde-wenzel.at\/wp-content\/uploads\/2021\/09\/DSC_3068-1024x683.jpeg 1024w, https:\/\/www.islandpferde-wenzel.at\/wp-content\/uploads\/2021\/09\/DSC_3068-768x512.jpeg 768w, https:\/\/www.islandpferde-wenzel.at\/wp-content\/uploads\/2021\/09\/DSC_3068-619x413.jpeg 619w, https:\/\/www.islandpferde-wenzel.at\/wp-content\/uploads\/2021\/09\/DSC_3068.jpeg 1280w\" sizes=\"auto, (max-width: 300px) 100vw, 300px\" \/><\/figure>\n\n\n\n<p class=\"has-medium-font-size\"><strong>Amor <\/strong>von Mooskirchen<\/p>\n\n\n\n<p class=\"has-white-color has-text-color has-link-color wp-elements-f7a689fce178a727f98f2645458ec63f\">xxx<\/p>\n\n\n\n<figure class=\"wp-block-image\"><img loading=\"lazy\" decoding=\"async\" width=\"300\" height=\"200\" src=\"http:\/\/www.islandpferde-wenzel.at\/wp-content\/uploads\/2021\/03\/Elja2-300x200.jpg\" alt=\"\" class=\"wp-image-454\" srcset=\"https:\/\/www.islandpferde-wenzel.at\/wp-content\/uploads\/2021\/03\/Elja2-300x200.jpg 300w, https:\/\/www.islandpferde-wenzel.at\/wp-content\/uploads\/2021\/03\/Elja2.jpg 309w\" sizes=\"auto, (max-width: 300px) 100vw, 300px\" \/><\/figure>\n\n\n\n<p class=\"has-medium-font-size\"><strong>E<\/strong><b>lja<\/b>&nbsp;von Mooskirchen, geb. 2015<\/p>\n\n\n\n<p class=\"has-white-color has-text-color has-link-color wp-elements-cf5f51c8cace32565597f368a6023ee6\">xx<\/p>\n\n\n\n<figure class=\"wp-block-image\"><img loading=\"lazy\" decoding=\"async\" width=\"300\" height=\"200\" src=\"http:\/\/www.islandpferde-wenzel.at\/wp-content\/uploads\/2021\/09\/Asdis-300x200.jpeg\" alt=\"\" class=\"wp-image-540\" srcset=\"https:\/\/www.islandpferde-wenzel.at\/wp-content\/uploads\/2021\/09\/Asdis-300x200.jpeg 300w, https:\/\/www.islandpferde-wenzel.at\/wp-content\/uploads\/2021\/09\/Asdis-1024x683.jpeg 1024w, https:\/\/www.islandpferde-wenzel.at\/wp-content\/uploads\/2021\/09\/Asdis-768x512.jpeg 768w, https:\/\/www.islandpferde-wenzel.at\/wp-content\/uploads\/2021\/09\/Asdis-1536x1024.jpeg 1536w, https:\/\/www.islandpferde-wenzel.at\/wp-content\/uploads\/2021\/09\/Asdis-619x413.jpeg 619w, https:\/\/www.islandpferde-wenzel.at\/wp-content\/uploads\/2021\/09\/Asdis.jpeg 2048w\" sizes=\"auto, (max-width: 300px) 100vw, 300px\" \/><\/figure>\n\n\n\n<p class=\"has-medium-font-size\"><strong>Asdis<\/strong>&nbsp;von Mooskirchen<\/p>\n\n\n\n<h1 class=\"wp-block-heading\">&nbsp;<\/h1>\n\n\n\n<h1 class=\"wp-block-heading\"><strong>Glans fr\u00e1 Dallandi,\u00a0<\/strong><strong>IS 2005125116<\/strong><\/h1>\n\n\n\n<p class=\"has-medium-font-size\">Ausdrucksstarker Hengst mit gro\u00dfen Bewegungen, \u201cVierg\u00e4nger mit Rennpa\u00df\u201d, sehr gutes Temperament und Charakter. Seine Nachzucht zeichnet sich aus durch sehr gutes Geb\u00e4ude, klare, gut getrennte G\u00e4nge sowohl Vier- als auch F\u00fcnfg\u00e4nger, Top-Charakter und Temperament, bereits erfolgreich in Sport und Zucht in Island und Deutschland<\/p>\n\n\n\n<figure class=\"wp-block-gallery has-nested-images columns-default is-cropped wp-block-gallery-3 is-layout-flex wp-block-gallery-is-layout-flex\">\n<figure class=\"wp-block-image size-large\"><img loading=\"lazy\" decoding=\"async\" width=\"1024\" height=\"918\" data-id=\"386\" src=\"https:\/\/www.islandpferde-wenzel.at\/wp-content\/uploads\/2021\/01\/Glans1-1024x918.jpg\" alt=\"\" class=\"wp-image-386\" srcset=\"https:\/\/www.islandpferde-wenzel.at\/wp-content\/uploads\/2021\/01\/Glans1-1024x918.jpg 1024w, https:\/\/www.islandpferde-wenzel.at\/wp-content\/uploads\/2021\/01\/Glans1-300x269.jpg 300w, https:\/\/www.islandpferde-wenzel.at\/wp-content\/uploads\/2021\/01\/Glans1-768x688.jpg 768w, https:\/\/www.islandpferde-wenzel.at\/wp-content\/uploads\/2021\/01\/Glans1-619x555.jpg 619w\" sizes=\"auto, (max-width: 1024px) 100vw, 1024px\" \/><\/figure>\n\n\n\n<figure class=\"wp-block-image size-large\"><img loading=\"lazy\" decoding=\"async\" width=\"1024\" height=\"683\" data-id=\"387\" src=\"https:\/\/www.islandpferde-wenzel.at\/wp-content\/uploads\/2021\/01\/Glans2-1024x683.jpg\" alt=\"\" class=\"wp-image-387\" srcset=\"https:\/\/www.islandpferde-wenzel.at\/wp-content\/uploads\/2021\/01\/Glans2-1024x683.jpg 1024w, https:\/\/www.islandpferde-wenzel.at\/wp-content\/uploads\/2021\/01\/Glans2-300x200.jpg 300w, https:\/\/www.islandpferde-wenzel.at\/wp-content\/uploads\/2021\/01\/Glans2-768x512.jpg 768w, https:\/\/www.islandpferde-wenzel.at\/wp-content\/uploads\/2021\/01\/Glans2-619x413.jpg 619w\" sizes=\"auto, (max-width: 1024px) 100vw, 1024px\" \/><\/figure>\n<\/figure>\n\n\n\n<p class=\"has-medium-font-size\">V: Blaer fr\u00e1 Hesti (Gesamt: 8,50)<\/p>\n\n\n\n<p class=\"has-medium-font-size\">M: Gn\u00f3tt fr\u00e1 Dallandi (Gesamt: 8,25) <strong>Gesamt: 7,86<\/strong><\/p>\n\n\n\n<p class=\"has-medium-font-size\"><strong>Nachzucht :<\/strong><\/p>\n\n\n\n<figure class=\"wp-block-gallery has-nested-images columns-default is-cropped wp-block-gallery-4 is-layout-flex wp-block-gallery-is-layout-flex\">\n<figure class=\"wp-block-image size-large\"><img loading=\"lazy\" decoding=\"async\" width=\"1280\" height=\"854\" data-id=\"530\" src=\"http:\/\/www.islandpferde-wenzel.at\/wp-content\/uploads\/2021\/09\/DSC_3190.jpeg\" alt=\"\" class=\"wp-image-530\" srcset=\"https:\/\/www.islandpferde-wenzel.at\/wp-content\/uploads\/2021\/09\/DSC_3190.jpeg 1280w, https:\/\/www.islandpferde-wenzel.at\/wp-content\/uploads\/2021\/09\/DSC_3190-300x200.jpeg 300w, https:\/\/www.islandpferde-wenzel.at\/wp-content\/uploads\/2021\/09\/DSC_3190-1024x683.jpeg 1024w, https:\/\/www.islandpferde-wenzel.at\/wp-content\/uploads\/2021\/09\/DSC_3190-768x512.jpeg 768w, https:\/\/www.islandpferde-wenzel.at\/wp-content\/uploads\/2021\/09\/DSC_3190-619x413.jpeg 619w\" sizes=\"auto, (max-width: 1280px) 100vw, 1280px\" \/><\/figure>\n\n\n\n<figure class=\"wp-block-image size-large\"><img loading=\"lazy\" decoding=\"async\" width=\"1280\" height=\"854\" data-id=\"531\" src=\"http:\/\/www.islandpferde-wenzel.at\/wp-content\/uploads\/2021\/09\/DSC_3371.jpeg\" alt=\"\" class=\"wp-image-531\" srcset=\"https:\/\/www.islandpferde-wenzel.at\/wp-content\/uploads\/2021\/09\/DSC_3371.jpeg 1280w, https:\/\/www.islandpferde-wenzel.at\/wp-content\/uploads\/2021\/09\/DSC_3371-300x200.jpeg 300w, https:\/\/www.islandpferde-wenzel.at\/wp-content\/uploads\/2021\/09\/DSC_3371-1024x683.jpeg 1024w, https:\/\/www.islandpferde-wenzel.at\/wp-content\/uploads\/2021\/09\/DSC_3371-768x512.jpeg 768w, https:\/\/www.islandpferde-wenzel.at\/wp-content\/uploads\/2021\/09\/DSC_3371-619x413.jpeg 619w\" sizes=\"auto, (max-width: 1280px) 100vw, 1280px\" \/><\/figure>\n<\/figure>\n\n\n\n<p class=\"has-medium-font-size\"><strong>Eldglans<\/strong> <strong>von Mooskirchen<\/strong>, geb. 2014 (<em>Siegerfohlen \u00d6sterreich, Fohlenreise 2014<\/em>)<\/p>\n\n\n\n<p class=\"has-medium-font-size\"><\/p>\n\n\n\n<p><\/p>\n\n\n\n<p><\/p>\n\n\n\n<figure class=\"wp-block-gallery has-nested-images columns-default is-cropped wp-block-gallery-5 is-layout-flex wp-block-gallery-is-layout-flex\">\n<figure class=\"wp-block-image size-large\"><img loading=\"lazy\" decoding=\"async\" width=\"810\" height=\"540\" data-id=\"718\" src=\"https:\/\/www.islandpferde-wenzel.at\/wp-content\/uploads\/2022\/04\/Gissur1.jpg\" alt=\"\" class=\"wp-image-718\" srcset=\"https:\/\/www.islandpferde-wenzel.at\/wp-content\/uploads\/2022\/04\/Gissur1.jpg 810w, https:\/\/www.islandpferde-wenzel.at\/wp-content\/uploads\/2022\/04\/Gissur1-300x200.jpg 300w, https:\/\/www.islandpferde-wenzel.at\/wp-content\/uploads\/2022\/04\/Gissur1-768x512.jpg 768w, https:\/\/www.islandpferde-wenzel.at\/wp-content\/uploads\/2022\/04\/Gissur1-619x413.jpg 619w\" sizes=\"auto, (max-width: 810px) 100vw, 810px\" \/><\/figure>\n\n\n\n<figure class=\"wp-block-image size-large\"><img loading=\"lazy\" decoding=\"async\" width=\"1024\" height=\"683\" data-id=\"719\" src=\"https:\/\/www.islandpferde-wenzel.at\/wp-content\/uploads\/2022\/04\/Gissur2-1024x683.jpg\" alt=\"\" class=\"wp-image-719\" srcset=\"https:\/\/www.islandpferde-wenzel.at\/wp-content\/uploads\/2022\/04\/Gissur2-1024x683.jpg 1024w, https:\/\/www.islandpferde-wenzel.at\/wp-content\/uploads\/2022\/04\/Gissur2-300x200.jpg 300w, https:\/\/www.islandpferde-wenzel.at\/wp-content\/uploads\/2022\/04\/Gissur2-768x512.jpg 768w, https:\/\/www.islandpferde-wenzel.at\/wp-content\/uploads\/2022\/04\/Gissur2-1536x1024.jpg 1536w, https:\/\/www.islandpferde-wenzel.at\/wp-content\/uploads\/2022\/04\/Gissur2-619x413.jpg 619w, https:\/\/www.islandpferde-wenzel.at\/wp-content\/uploads\/2022\/04\/Gissur2.jpg 2048w\" sizes=\"auto, (max-width: 1024px) 100vw, 1024px\" \/><\/figure>\n<\/figure>\n\n\n\n<p class=\"has-medium-font-size\"><strong>Gissur fr\u00e1 H\u00e9ra\u00f0sdal<\/strong>, 8,63 1. s\u00e6ti \u00fer\u00edgangsm\u00f3ti \u00e1 vetrarleikum S\u00f6rla<\/p>\n\n\n\n<p><\/p>\n\n\n\n<p><\/p>\n\n\n\n<p><\/p>\n\n\n\n<figure class=\"wp-block-gallery has-nested-images columns-default is-cropped wp-block-gallery-6 is-layout-flex wp-block-gallery-is-layout-flex\">\n<figure class=\"wp-block-image size-large\"><img loading=\"lazy\" decoding=\"async\" width=\"1024\" height=\"683\" data-id=\"593\" src=\"http:\/\/www.islandpferde-wenzel.at\/wp-content\/uploads\/2021\/12\/DSC_3697-1024x683.jpeg\" alt=\"\" class=\"wp-image-593\" srcset=\"https:\/\/www.islandpferde-wenzel.at\/wp-content\/uploads\/2021\/12\/DSC_3697-1024x683.jpeg 1024w, https:\/\/www.islandpferde-wenzel.at\/wp-content\/uploads\/2021\/12\/DSC_3697-300x200.jpeg 300w, https:\/\/www.islandpferde-wenzel.at\/wp-content\/uploads\/2021\/12\/DSC_3697-768x512.jpeg 768w, https:\/\/www.islandpferde-wenzel.at\/wp-content\/uploads\/2021\/12\/DSC_3697-619x413.jpeg 619w, https:\/\/www.islandpferde-wenzel.at\/wp-content\/uploads\/2021\/12\/DSC_3697.jpeg 1280w\" sizes=\"auto, (max-width: 1024px) 100vw, 1024px\" \/><\/figure>\n\n\n\n<figure class=\"wp-block-image size-large\"><img loading=\"lazy\" decoding=\"async\" width=\"1024\" height=\"683\" data-id=\"591\" src=\"http:\/\/www.islandpferde-wenzel.at\/wp-content\/uploads\/2021\/12\/DSC_3684-1024x683.jpeg\" alt=\"\" class=\"wp-image-591\" srcset=\"https:\/\/www.islandpferde-wenzel.at\/wp-content\/uploads\/2021\/12\/DSC_3684-1024x683.jpeg 1024w, https:\/\/www.islandpferde-wenzel.at\/wp-content\/uploads\/2021\/12\/DSC_3684-300x200.jpeg 300w, https:\/\/www.islandpferde-wenzel.at\/wp-content\/uploads\/2021\/12\/DSC_3684-768x512.jpeg 768w, https:\/\/www.islandpferde-wenzel.at\/wp-content\/uploads\/2021\/12\/DSC_3684-619x413.jpeg 619w, https:\/\/www.islandpferde-wenzel.at\/wp-content\/uploads\/2021\/12\/DSC_3684.jpeg 1280w\" sizes=\"auto, (max-width: 1024px) 100vw, 1024px\" \/><\/figure>\n\n\n\n<figure class=\"wp-block-image size-large\"><img loading=\"lazy\" decoding=\"async\" width=\"1024\" height=\"683\" data-id=\"590\" src=\"http:\/\/www.islandpferde-wenzel.at\/wp-content\/uploads\/2021\/12\/DSC_3675-1024x683.jpeg\" alt=\"\" class=\"wp-image-590\" srcset=\"https:\/\/www.islandpferde-wenzel.at\/wp-content\/uploads\/2021\/12\/DSC_3675-1024x683.jpeg 1024w, https:\/\/www.islandpferde-wenzel.at\/wp-content\/uploads\/2021\/12\/DSC_3675-300x200.jpeg 300w, https:\/\/www.islandpferde-wenzel.at\/wp-content\/uploads\/2021\/12\/DSC_3675-768x512.jpeg 768w, https:\/\/www.islandpferde-wenzel.at\/wp-content\/uploads\/2021\/12\/DSC_3675-619x413.jpeg 619w, https:\/\/www.islandpferde-wenzel.at\/wp-content\/uploads\/2021\/12\/DSC_3675.jpeg 1280w\" sizes=\"auto, (max-width: 1024px) 100vw, 1024px\" \/><\/figure>\n<\/figure>\n\n\n\n<p class=\"has-medium-font-size\"><strong>Stormur von Mooskirchen<\/strong>, geb. 2018<\/p>\n","protected":false},"excerpt":{"rendered":"<p>Nachwuchs 2022 Edda von Mooskirchen, Mutter: Eldborg fr\u00e1 Dallandi, Vater: Glans fr\u00e1 Dallandi &nbsp; &nbsp; Magni fr\u00e1 Hvanneyri,&nbsp;IS2004135535 V: St\u00e1li fr\u00e1 Kjarri (Reiteigenschaften 9,09) M: Vera fr\u00e1 Eyj\u00f3lfsst\u00f6dum (Gesamt: 7,69) Exterieur: 8,04? Reiteigenschaften: 8,46 Gesamt: 8,29 Temperamentvoller F\u00fcnfganghengst mit hervorragenden Reiteigenschaften. Sehr guter T\u00f6lt, kraftvoller Rennpass, sowie ausgezeichnete Oberlinie und Interieur. Deckt am Islandpferdehof Mooskirchen [&hellip;]<\/p>\n","protected":false},"author":1,"featured_media":0,"parent":0,"menu_order":4,"comment_status":"closed","ping_status":"closed","template":"","meta":{"footnotes":""},"class_list":["post-29","page","type-page","status-publish","hentry"],"_links":{"self":[{"href":"https:\/\/www.islandpferde-wenzel.at\/index.php?rest_route=\/wp\/v2\/pages\/29","targetHints":{"allow":["GET"]}}],"collection":[{"href":"https:\/\/www.islandpferde-wenzel.at\/index.php?rest_route=\/wp\/v2\/pages"}],"about":[{"href":"https:\/\/www.islandpferde-wenzel.at\/index.php?rest_route=\/wp\/v2\/types\/page"}],"author":[{"embeddable":true,"href":"https:\/\/www.islandpferde-wenzel.at\/index.php?rest_route=\/wp\/v2\/users\/1"}],"replies":[{"embeddable":true,"href":"https:\/\/www.islandpferde-wenzel.at\/index.php?rest_route=%2Fwp%2Fv2%2Fcomments&post=29"}],"version-history":[{"count":34,"href":"https:\/\/www.islandpferde-wenzel.at\/index.php?rest_route=\/wp\/v2\/pages\/29\/revisions"}],"predecessor-version":[{"id":958,"href":"https:\/\/www.islandpferde-wenzel.at\/index.php?rest_route=\/wp\/v2\/pages\/29\/revisions\/958"}],"wp:attachment":[{"href":"https:\/\/www.islandpferde-wenzel.at\/index.php?rest_route=%2Fwp%2Fv2%2Fmedia&parent=29"}],"curies":[{"name":"wp","href":"https:\/\/api.w.org\/{rel}","templated":true}]}}