{"id":24,"date":"2025-11-14T21:18:49","date_gmt":"2025-11-14T21:18:49","guid":{"rendered":"http:\/\/neu.islandpferde-wenzel.at\/?page_id=24"},"modified":"2026-01-20T15:49:13","modified_gmt":"2026-01-20T15:49:13","slug":"team","status":"publish","type":"page","link":"https:\/\/www.islandpferde-wenzel.at\/?page_id=24","title":{"rendered":"Team"},"content":{"rendered":"\n<p><\/p>\n\n\n\n<h2 class=\"wp-block-heading\"><strong>Monika Wenzel<\/strong><\/h2>\n\n\n\n<figure class=\"wp-block-gallery has-nested-images columns-default is-cropped wp-block-gallery-1 is-layout-flex wp-block-gallery-is-layout-flex\">\n<figure class=\"wp-block-image size-large\"><img loading=\"lazy\" decoding=\"async\" width=\"3264\" height=\"2448\" data-id=\"119\" src=\"http:\/\/www.islandpferde-wenzel.at\/wp-content\/uploads\/2017\/04\/IMG_0177.jpg\" alt=\"\" class=\"wp-image-119\" srcset=\"https:\/\/www.islandpferde-wenzel.at\/wp-content\/uploads\/2017\/04\/IMG_0177.jpg 3264w, https:\/\/www.islandpferde-wenzel.at\/wp-content\/uploads\/2017\/04\/IMG_0177-300x225.jpg 300w, https:\/\/www.islandpferde-wenzel.at\/wp-content\/uploads\/2017\/04\/IMG_0177-768x576.jpg 768w, https:\/\/www.islandpferde-wenzel.at\/wp-content\/uploads\/2017\/04\/IMG_0177-1024x768.jpg 1024w, https:\/\/www.islandpferde-wenzel.at\/wp-content\/uploads\/2017\/04\/IMG_0177-619x464.jpg 619w\" sizes=\"auto, (max-width: 3264px) 100vw, 3264px\" \/><\/figure>\n\n\n\n<figure class=\"wp-block-image size-large\"><img loading=\"lazy\" decoding=\"async\" width=\"2409\" height=\"1807\" data-id=\"118\" src=\"http:\/\/www.islandpferde-wenzel.at\/wp-content\/uploads\/2017\/04\/Monika2.jpg\" alt=\"\" class=\"wp-image-118\" srcset=\"https:\/\/www.islandpferde-wenzel.at\/wp-content\/uploads\/2017\/04\/Monika2.jpg 2409w, https:\/\/www.islandpferde-wenzel.at\/wp-content\/uploads\/2017\/04\/Monika2-300x225.jpg 300w, https:\/\/www.islandpferde-wenzel.at\/wp-content\/uploads\/2017\/04\/Monika2-768x576.jpg 768w, https:\/\/www.islandpferde-wenzel.at\/wp-content\/uploads\/2017\/04\/Monika2-1024x768.jpg 1024w, https:\/\/www.islandpferde-wenzel.at\/wp-content\/uploads\/2017\/04\/Monika2-619x464.jpg 619w\" sizes=\"auto, (max-width: 2409px) 100vw, 2409px\" \/><\/figure>\n<\/figure>\n\n\n\n<ul class=\"wp-block-list\">\n<li class=\"has-medium-font-size\">FENA Islandpferderreitinstruktor &nbsp;\u2022 Lehrwart f\u00fcr integratives Reiten \u2022 Dipl. Bewegungstherapeutin \u2022 Pferdephysiotherapie \u2022 Obfrau des Vereins Islandpferdehof Mooskirchen<\/li>\n\n\n\n<li class=\"has-medium-font-size\">Schwerpunkte: Anf\u00e4nger\/Fortgeschrittenenunterricht, Gangreiten, Einzelunterricht, Turniervorbereitung, Vorbereitung f\u00fcr div. Abzeichen, Beritt, Jungpferdeausbildung, Integratives Reiten, Voltigieren, Zucht, Pferdephysiotherapie<\/li>\n<\/ul>\n\n\n\n<h2 class=\"wp-block-heading\">&nbsp;<\/h2>\n\n\n\n<h2 class=\"wp-block-heading\"><strong>Karo Wenzel<\/strong><\/h2>\n\n\n\n<figure class=\"wp-block-gallery has-nested-images columns-default is-cropped wp-block-gallery-2 is-layout-flex wp-block-gallery-is-layout-flex\">\n<figure class=\"wp-block-image size-large\"><img loading=\"lazy\" decoding=\"async\" width=\"640\" height=\"427\" data-id=\"402\" src=\"http:\/\/www.islandpferde-wenzel.at\/wp-content\/uploads\/2021\/01\/PN0_3683-1-1.jpg\" alt=\"\" class=\"wp-image-402\" srcset=\"https:\/\/www.islandpferde-wenzel.at\/wp-content\/uploads\/2021\/01\/PN0_3683-1-1.jpg 640w, https:\/\/www.islandpferde-wenzel.at\/wp-content\/uploads\/2021\/01\/PN0_3683-1-1-300x200.jpg 300w, https:\/\/www.islandpferde-wenzel.at\/wp-content\/uploads\/2021\/01\/PN0_3683-1-1-619x413.jpg 619w\" sizes=\"auto, (max-width: 640px) 100vw, 640px\" \/><\/figure>\n\n\n\n<figure class=\"wp-block-image size-large\"><img loading=\"lazy\" decoding=\"async\" width=\"2879\" height=\"2580\" data-id=\"386\" src=\"http:\/\/www.islandpferde-wenzel.at\/wp-content\/uploads\/2021\/01\/Glans1.jpg\" alt=\"\" class=\"wp-image-386\" srcset=\"https:\/\/www.islandpferde-wenzel.at\/wp-content\/uploads\/2021\/01\/Glans1.jpg 2879w, https:\/\/www.islandpferde-wenzel.at\/wp-content\/uploads\/2021\/01\/Glans1-300x269.jpg 300w, https:\/\/www.islandpferde-wenzel.at\/wp-content\/uploads\/2021\/01\/Glans1-768x688.jpg 768w, https:\/\/www.islandpferde-wenzel.at\/wp-content\/uploads\/2021\/01\/Glans1-1024x918.jpg 1024w, https:\/\/www.islandpferde-wenzel.at\/wp-content\/uploads\/2021\/01\/Glans1-619x555.jpg 619w\" sizes=\"auto, (max-width: 2879px) 100vw, 2879px\" \/><\/figure>\n<\/figure>\n\n\n\n<ul class=\"wp-block-list\">\n<li class=\"has-medium-font-size\">FENA Islandpferderreitinstruktor<\/li>\n\n\n\n<li class=\"has-medium-font-size\">Obfrau- Stellvertreter und Sportreferent des Vereins Islandpferdehof Mooskirchen<\/li>\n\n\n\n<li class=\"has-medium-font-size\">Schwerpunkte: Gangreiten, klassische Dressur, Turniervorbereitung, Beritt, Jungpferdeausbildung, Zucht<\/li>\n<\/ul>\n\n\n\n<h2 class=\"wp-block-heading\">&nbsp;<\/h2>\n\n\n\n<h2 class=\"wp-block-heading\"><\/h2>\n\n\n\n<h2 class=\"wp-block-heading\"><\/h2>\n\n\n\n<p class=\"has-medium-font-size\"><\/p>\n\n\n\n\n\n<h2 class=\"wp-block-heading\"><strong>Corina<\/strong> <strong>H\u00f6fler <\/strong><\/h2>\n\n\n\n<p class=\"has-medium-font-size\">Tiere begleiten mich schon mein ganzes Leben \u2013 besonders Pferde haben eine zentrale Rolle eingenommen. In meinem kleinen Privatstall leben f\u00fcnf Pferde, die ich mit viel Herzblut versorge. Zwei junge Wallache, die in den kommenden Jahren im Turniersport eingesetzt werden sollen, stehen in einem externen Ausbildungsstall. Ich habe die Fachschule Grottenhof mit Schwerpunkt Pferdewirtschaft abgeschlossen und bin gepr\u00fcfte \u00dcbungsleiterin Reiten sowie Reitp\u00e4dagogin nach TRIK. Zus\u00e4tzlich bin ich Facharbeiterin in der Landwirtschaft und in der Forstwirtschaft \u2013 so verbinde ich Wissen aus verschiedenen Bereichen mit einer tiefen Verbundenheit zur Natur und den Tieren. Besonders wichtig ist mir ein respektvoller, geduldiger Umgang mit Pferd und Mensch. Individuelle F\u00f6rderung, artgerechte Haltung und Freude an der gemeinsamen Arbeit stehen f\u00fcr mich im Mittelpunkt.<\/p>\n\n\n\n<p class=\"has-medium-font-size\">Fun Facts \u00fcber mich:<br>\ud83d\udc34 Ich reite leidenschaftlich gerne Dressur und bin auch auf Turnieren unterwegs.<br>\ud83c\udfc7 Springen macht mir gro\u00dfen Spa\u00df \u2013 vielleicht zieht bald ein passendes Springpferd f\u00fcr mich ein.<br>\ud83e\udd20 Bis vor 2,5 Jahren war ich mit meiner Haflingerstute noch im Westernsattel unterwegs.<br>\ud83d\udcbb Neben dem Stallalltag k\u00fcmmere ich mich um die Buchhaltung f\u00fcr unseren land- und forstwirtschaftlichen Betrieb sowie unser Gasthaus.<br>\ud83c\udf73 Jeden Samstagvormittag tausche ich die Reitstiefel gegen die Kochsch\u00fcrze \u2013 als Fr\u00fchst\u00fccksk\u00f6chin f\u00fcr unser regionales Fr\u00fchst\u00fcck im Gasthaus.<br>\ud83c\udf32 Ich arbeite auch gerne im Wald \u2013 mit Motors\u00e4ge, Traktor und meinem Freund an der Seite.<br>\ud83c\udfd4\ufe0f Am liebsten lasse ich den Tag gem\u00fctlich mit Freunden auf unserer Almh\u00fctte nahe der Teichalm ausklingen.<\/p>\n\n\n\n<figure class=\"wp-block-gallery has-nested-images columns-default is-cropped wp-block-gallery-3 is-layout-flex wp-block-gallery-is-layout-flex\">\n<figure class=\"wp-block-image size-large\"><img loading=\"lazy\" decoding=\"async\" width=\"768\" height=\"1024\" data-id=\"1059\" src=\"https:\/\/www.islandpferde-wenzel.at\/wp-content\/uploads\/2025\/07\/WhatsApp-Bild-2025-07-16-um-11.18.59_aa439178-768x1024.jpg\" alt=\"\" class=\"wp-image-1059\" srcset=\"https:\/\/www.islandpferde-wenzel.at\/wp-content\/uploads\/2025\/07\/WhatsApp-Bild-2025-07-16-um-11.18.59_aa439178-768x1024.jpg 768w, https:\/\/www.islandpferde-wenzel.at\/wp-content\/uploads\/2025\/07\/WhatsApp-Bild-2025-07-16-um-11.18.59_aa439178-225x300.jpg 225w, https:\/\/www.islandpferde-wenzel.at\/wp-content\/uploads\/2025\/07\/WhatsApp-Bild-2025-07-16-um-11.18.59_aa439178-1152x1536.jpg 1152w, https:\/\/www.islandpferde-wenzel.at\/wp-content\/uploads\/2025\/07\/WhatsApp-Bild-2025-07-16-um-11.18.59_aa439178-619x825.jpg 619w, https:\/\/www.islandpferde-wenzel.at\/wp-content\/uploads\/2025\/07\/WhatsApp-Bild-2025-07-16-um-11.18.59_aa439178.jpg 1200w\" sizes=\"auto, (max-width: 768px) 100vw, 768px\" \/><\/figure>\n\n\n\n<figure class=\"wp-block-image size-large\"><img loading=\"lazy\" decoding=\"async\" width=\"1024\" height=\"682\" data-id=\"1058\" src=\"https:\/\/www.islandpferde-wenzel.at\/wp-content\/uploads\/2025\/07\/Corinna2-1024x682.jpeg\" alt=\"\" class=\"wp-image-1058\" srcset=\"https:\/\/www.islandpferde-wenzel.at\/wp-content\/uploads\/2025\/07\/Corinna2-1024x682.jpeg 1024w, https:\/\/www.islandpferde-wenzel.at\/wp-content\/uploads\/2025\/07\/Corinna2-300x200.jpeg 300w, https:\/\/www.islandpferde-wenzel.at\/wp-content\/uploads\/2025\/07\/Corinna2-768x512.jpeg 768w, https:\/\/www.islandpferde-wenzel.at\/wp-content\/uploads\/2025\/07\/Corinna2-1536x1024.jpeg 1536w, https:\/\/www.islandpferde-wenzel.at\/wp-content\/uploads\/2025\/07\/Corinna2-619x413.jpeg 619w, https:\/\/www.islandpferde-wenzel.at\/wp-content\/uploads\/2025\/07\/Corinna2.jpeg 2045w\" sizes=\"auto, (max-width: 1024px) 100vw, 1024px\" \/><\/figure>\n<\/figure>\n\n\n\n<p class=\"has-white-color has-text-color has-link-color wp-elements-e4791efd4d60f8e9b5aee55e02a7fb73\">xxxxxx<\/p>\n\n\n\n<h2 class=\"wp-block-heading has-white-color has-text-color has-link-color wp-elements-d06c18b353fa3a2ca2533bcc81b1e4ce\">xxxxxx<\/h2>\n\n\n\n<p><\/p>\n\n\n\n<p><\/p>\n\n\n\n<h2 class=\"wp-block-heading\"><strong>Ausw\u00e4rtige Trainer in Gegenwart und Vergangenheit:<\/strong><\/h2>\n\n\n\n<p class=\"has-medium-font-size\">Sonja Kroneis (Altkalifornische Reitweise, Horse Agility), Desmond o&#8217;Brien, Dominik Riener, S\u00edgur\u00f0ur Marinusson, Martin Volesky (Bewegungslehre nach Eckart Meyners), Marlise Grimm, Halldor Gu\u00f0jonsson, Andrea Gschanes, Johannes Hoyos, Reynir A\u00f0alsteinsson \u2020, J\u00f3i Johannesson, H\u00f6ski A\u00f0alsteinsson, Alfred Schauberger \u2020 (Zirkuslektionen, klassische Dressur, Doppellonge), Sepp Mittmannsgruber (Natural Horsemanship), Hans-Georg Gundlach<\/p>\n","protected":false},"excerpt":{"rendered":"<p>Monika Wenzel &nbsp; Karo Wenzel &nbsp; Corina H\u00f6fler Tiere begleiten mich schon mein ganzes Leben \u2013 besonders Pferde haben eine zentrale Rolle eingenommen. In meinem kleinen Privatstall leben f\u00fcnf Pferde, die ich mit viel Herzblut versorge. Zwei junge Wallache, die in den kommenden Jahren im Turniersport eingesetzt werden sollen, stehen in einem externen Ausbildungsstall. Ich [&hellip;]<\/p>\n","protected":false},"author":1,"featured_media":0,"parent":0,"menu_order":3,"comment_status":"closed","ping_status":"closed","template":"","meta":{"footnotes":""},"class_list":["post-24","page","type-page","status-publish","hentry"],"_links":{"self":[{"href":"https:\/\/www.islandpferde-wenzel.at\/index.php?rest_route=\/wp\/v2\/pages\/24","targetHints":{"allow":["GET"]}}],"collection":[{"href":"https:\/\/www.islandpferde-wenzel.at\/index.php?rest_route=\/wp\/v2\/pages"}],"about":[{"href":"https:\/\/www.islandpferde-wenzel.at\/index.php?rest_route=\/wp\/v2\/types\/page"}],"author":[{"embeddable":true,"href":"https:\/\/www.islandpferde-wenzel.at\/index.php?rest_route=\/wp\/v2\/users\/1"}],"replies":[{"embeddable":true,"href":"https:\/\/www.islandpferde-wenzel.at\/index.php?rest_route=%2Fwp%2Fv2%2Fcomments&post=24"}],"version-history":[{"count":98,"href":"https:\/\/www.islandpferde-wenzel.at\/index.php?rest_route=\/wp\/v2\/pages\/24\/revisions"}],"predecessor-version":[{"id":1140,"href":"https:\/\/www.islandpferde-wenzel.at\/index.php?rest_route=\/wp\/v2\/pages\/24\/revisions\/1140"}],"wp:attachment":[{"href":"https:\/\/www.islandpferde-wenzel.at\/index.php?rest_route=%2Fwp%2Fv2%2Fmedia&parent=24"}],"curies":[{"name":"wp","href":"https:\/\/api.w.org\/{rel}","templated":true}]}}