{"id":22,"date":"2025-11-14T21:18:34","date_gmt":"2025-11-14T21:18:34","guid":{"rendered":"http:\/\/neu.islandpferde-wenzel.at\/?page_id=22"},"modified":"2025-11-14T21:18:34","modified_gmt":"2025-11-14T21:18:34","slug":"leistungen","status":"publish","type":"page","link":"https:\/\/www.islandpferde-wenzel.at\/?page_id=22","title":{"rendered":"Angebot"},"content":{"rendered":"\n<h2 class=\"wp-block-heading has-vivid-cyan-blue-color has-text-color has-link-color wp-elements-c2f1efba4f0d2b6f43c34ef63881c568\"><strong>Unterricht<\/strong><\/h2>\n\n\n\n<p class=\"has-medium-font-size\"><strong>\u2055<\/strong> Reitunterricht f\u00fcr Anf\u00e4nger, Fortgeschrittene und Turnierreiter<\/p>\n\n\n\n<p class=\"has-medium-font-size\"><strong>\u2055<\/strong> Wochenend- Intensivkurse mit Schulpferd oder eigenem Pferd &#8211; Gastboxen stehen zur Verf\u00fcgung, komfortable Unterkunftsm\u00f6glichkeiten mit hervorragender Gastronomie in der N\u00e4he<\/p>\n\n\n\n<p class=\"has-medium-font-size\"><strong>\u2055<\/strong> Unterricht in den speziellen Gangarten T\u00d6LT und RENNPASS durch ausgebildete Reitinstruktoren\/\u00dcbungsleiter<\/p>\n\n\n\n<p class=\"has-medium-font-size\"><strong>\u2055<\/strong> Kurse f\u00fcr diverse Abzeichen (Gangreitabzeichen, Reiterpass, Reiternadel etc.)<\/p>\n\n\n\n<p class=\"has-medium-font-size\"><strong>\u2055<\/strong> Spezialkurse mit qualifizierten Trainern z.B. S\u00edgur\u00f0ur Marinusson<\/p>\n\n\n\n<p class=\"has-medium-font-size\"><strong>\u2055<\/strong> Klassischer Dressurunterricht<\/p>\n\n\n\n<p class=\"has-medium-font-size\"><strong>\u2055<\/strong> Voltigieren<\/p>\n\n\n\n<p class=\"has-medium-font-size\"><strong>\u2055<\/strong> Integratives Reiten<\/p>\n\n\n\n<p class=\"has-medium-font-size\"><strong>\u2055<\/strong> Externer Unterricht und Kurse nach Vereinbarung!<\/p>\n\n\n\n<p class=\"has-medium-font-size\"><\/p>\n\n\n\n<h2 class=\"wp-block-heading has-vivid-cyan-blue-color has-text-color has-link-color wp-elements-afd67bd3f5c87d4aeef89ad861fe8470\"><strong>Sonstiges<\/strong><\/h2>\n\n\n\n<p class=\"has-medium-font-size\"><strong>\u2055<\/strong> Ausritte in das weststeirische Schilcherland<\/p>\n\n\n\n<p class=\"has-medium-font-size\"><strong>\u2055<\/strong> Tages- und Mehrtagesritte<\/p>\n\n\n\n<p class=\"has-medium-font-size\"><strong>\u2055<\/strong> Sommer- und Winterreitlager f\u00fcr Kinder und Jugendliche<\/p>\n\n\n\n<p class=\"has-medium-font-size\"><strong>\u2055<\/strong> Ovalbahn&nbsp; 200 m, Reithalle&nbsp; 20&#215;40 m, Round Pen<\/p>\n\n\n\n<p class=\"has-medium-font-size\"><strong>\u2055<\/strong> Einstellm\u00f6glichkeit (auch f\u00fcr kurze Zeit z.B. w\u00e4hrend Ihres Urlaubes), g\u00fcltiger Impfschutz und Haftpflichtversicherung des Pferdes erforderlich!<\/p>\n\n\n\n<p class=\"has-medium-font-size\"><strong>\u2055<\/strong> Ausbildung und Training Ihres Pferdes<\/p>\n\n\n\n<p class=\"has-medium-font-size\"><strong>\u2055<\/strong> Deckstation<\/p>\n\n\n\n<p class=\"has-medium-font-size\"><strong>\u2055<\/strong> Aufzucht von Jungpferden<\/p>\n\n\n\n<p class=\"has-medium-font-size\"><strong>\u2055<\/strong> Verkauf von Freizeit- und Turnierpferden<\/p>\n\n\n\n<p class=\"has-medium-font-size\"><strong>\u2055<\/strong> Islandhundezucht<\/p>\n\n\n\n<figure class=\"wp-block-gallery has-nested-images columns-default is-cropped wp-block-gallery-1 is-layout-flex wp-block-gallery-is-layout-flex\">\n<figure class=\"wp-block-image size-large\"><img loading=\"lazy\" decoding=\"async\" width=\"774\" height=\"1024\" data-id=\"866\" src=\"https:\/\/www.islandpferde-wenzel.at\/wp-content\/uploads\/2024\/02\/109770680_3482114931806795_2423327653662551846_n-774x1024.jpg\" alt=\"\" class=\"wp-image-866\" srcset=\"https:\/\/www.islandpferde-wenzel.at\/wp-content\/uploads\/2024\/02\/109770680_3482114931806795_2423327653662551846_n-774x1024.jpg 774w, https:\/\/www.islandpferde-wenzel.at\/wp-content\/uploads\/2024\/02\/109770680_3482114931806795_2423327653662551846_n-227x300.jpg 227w, https:\/\/www.islandpferde-wenzel.at\/wp-content\/uploads\/2024\/02\/109770680_3482114931806795_2423327653662551846_n-768x1015.jpg 768w, https:\/\/www.islandpferde-wenzel.at\/wp-content\/uploads\/2024\/02\/109770680_3482114931806795_2423327653662551846_n-619x818.jpg 619w, https:\/\/www.islandpferde-wenzel.at\/wp-content\/uploads\/2024\/02\/109770680_3482114931806795_2423327653662551846_n.jpg 900w\" sizes=\"auto, (max-width: 774px) 100vw, 774px\" \/><\/figure>\n\n\n\n<figure class=\"wp-block-image size-large\"><img loading=\"lazy\" decoding=\"async\" width=\"768\" height=\"1024\" data-id=\"867\" src=\"https:\/\/www.islandpferde-wenzel.at\/wp-content\/uploads\/2024\/02\/287751579_5574596875891913_4966912739173661284_n-768x1024.jpg\" alt=\"\" class=\"wp-image-867\" srcset=\"https:\/\/www.islandpferde-wenzel.at\/wp-content\/uploads\/2024\/02\/287751579_5574596875891913_4966912739173661284_n-768x1024.jpg 768w, https:\/\/www.islandpferde-wenzel.at\/wp-content\/uploads\/2024\/02\/287751579_5574596875891913_4966912739173661284_n-225x300.jpg 225w, https:\/\/www.islandpferde-wenzel.at\/wp-content\/uploads\/2024\/02\/287751579_5574596875891913_4966912739173661284_n-1152x1536.jpg 1152w, https:\/\/www.islandpferde-wenzel.at\/wp-content\/uploads\/2024\/02\/287751579_5574596875891913_4966912739173661284_n-619x825.jpg 619w, https:\/\/www.islandpferde-wenzel.at\/wp-content\/uploads\/2024\/02\/287751579_5574596875891913_4966912739173661284_n.jpg 1536w\" sizes=\"auto, (max-width: 768px) 100vw, 768px\" \/><\/figure>\n\n\n\n<figure class=\"wp-block-image size-large\"><img loading=\"lazy\" decoding=\"async\" width=\"206\" height=\"206\" data-id=\"864\" src=\"https:\/\/www.islandpferde-wenzel.at\/wp-content\/uploads\/2024\/02\/29103425_1904129176272053_3450967146723540992_n.jpg\" alt=\"\" class=\"wp-image-864\" srcset=\"https:\/\/www.islandpferde-wenzel.at\/wp-content\/uploads\/2024\/02\/29103425_1904129176272053_3450967146723540992_n.jpg 206w, https:\/\/www.islandpferde-wenzel.at\/wp-content\/uploads\/2024\/02\/29103425_1904129176272053_3450967146723540992_n-150x150.jpg 150w\" sizes=\"auto, (max-width: 206px) 100vw, 206px\" \/><\/figure>\n\n\n\n<figure class=\"wp-block-image size-large\"><img loading=\"lazy\" decoding=\"async\" width=\"206\" height=\"206\" data-id=\"862\" src=\"https:\/\/www.islandpferde-wenzel.at\/wp-content\/uploads\/2024\/02\/14055158_1292641227420854_6273573879934048877_n.jpg\" alt=\"\" class=\"wp-image-862\" srcset=\"https:\/\/www.islandpferde-wenzel.at\/wp-content\/uploads\/2024\/02\/14055158_1292641227420854_6273573879934048877_n.jpg 206w, https:\/\/www.islandpferde-wenzel.at\/wp-content\/uploads\/2024\/02\/14055158_1292641227420854_6273573879934048877_n-150x150.jpg 150w\" sizes=\"auto, (max-width: 206px) 100vw, 206px\" \/><\/figure>\n\n\n\n<figure class=\"wp-block-image size-large\"><img loading=\"lazy\" decoding=\"async\" width=\"1024\" height=\"900\" data-id=\"839\" src=\"https:\/\/www.islandpferde-wenzel.at\/wp-content\/uploads\/2022\/12\/Winterausritt-1024x900.jpeg\" alt=\"\" class=\"wp-image-839\" srcset=\"https:\/\/www.islandpferde-wenzel.at\/wp-content\/uploads\/2022\/12\/Winterausritt-1024x900.jpeg 1024w, https:\/\/www.islandpferde-wenzel.at\/wp-content\/uploads\/2022\/12\/Winterausritt-300x264.jpeg 300w, https:\/\/www.islandpferde-wenzel.at\/wp-content\/uploads\/2022\/12\/Winterausritt-768x675.jpeg 768w, https:\/\/www.islandpferde-wenzel.at\/wp-content\/uploads\/2022\/12\/Winterausritt-619x544.jpeg 619w, https:\/\/www.islandpferde-wenzel.at\/wp-content\/uploads\/2022\/12\/Winterausritt.jpeg 1200w\" sizes=\"auto, (max-width: 1024px) 100vw, 1024px\" \/><\/figure>\n\n\n\n<figure class=\"wp-block-image size-large\"><img loading=\"lazy\" decoding=\"async\" width=\"206\" height=\"206\" data-id=\"865\" src=\"https:\/\/www.islandpferde-wenzel.at\/wp-content\/uploads\/2024\/02\/174260821_4263960293622251_111662815598195320_n.jpg\" alt=\"\" class=\"wp-image-865\" srcset=\"https:\/\/www.islandpferde-wenzel.at\/wp-content\/uploads\/2024\/02\/174260821_4263960293622251_111662815598195320_n.jpg 206w, https:\/\/www.islandpferde-wenzel.at\/wp-content\/uploads\/2024\/02\/174260821_4263960293622251_111662815598195320_n-150x150.jpg 150w\" sizes=\"auto, (max-width: 206px) 100vw, 206px\" \/><\/figure>\n\n\n\n<figure class=\"wp-block-image size-large\"><img loading=\"lazy\" decoding=\"async\" width=\"1280\" height=\"854\" data-id=\"746\" src=\"https:\/\/www.islandpferde-wenzel.at\/wp-content\/uploads\/2022\/05\/DSC_3295.jpeg\" alt=\"\" class=\"wp-image-746\"\/><\/figure>\n\n\n\n<figure class=\"wp-block-image size-large\"><img loading=\"lazy\" decoding=\"async\" width=\"1024\" height=\"683\" data-id=\"512\" src=\"https:\/\/www.islandpferde-wenzel.at\/wp-content\/uploads\/2021\/09\/DSC_2729-1024x683.jpeg\" alt=\"\" class=\"wp-image-512\" srcset=\"https:\/\/www.islandpferde-wenzel.at\/wp-content\/uploads\/2021\/09\/DSC_2729-1024x683.jpeg 1024w, https:\/\/www.islandpferde-wenzel.at\/wp-content\/uploads\/2021\/09\/DSC_2729-300x200.jpeg 300w, https:\/\/www.islandpferde-wenzel.at\/wp-content\/uploads\/2021\/09\/DSC_2729-768x512.jpeg 768w, https:\/\/www.islandpferde-wenzel.at\/wp-content\/uploads\/2021\/09\/DSC_2729-619x413.jpeg 619w, https:\/\/www.islandpferde-wenzel.at\/wp-content\/uploads\/2021\/09\/DSC_2729.jpeg 1280w\" sizes=\"auto, (max-width: 1024px) 100vw, 1024px\" \/><\/figure>\n<\/figure>\n\n\n\n<figure class=\"wp-block-gallery has-nested-images columns-3 is-cropped wp-block-gallery-2 is-layout-flex wp-block-gallery-is-layout-flex\">\n<figure class=\"wp-block-image size-large\"><img loading=\"lazy\" decoding=\"async\" width=\"800\" height=\"600\" data-id=\"549\" src=\"https:\/\/www.islandpferde-wenzel.at\/wp-content\/uploads\/2021\/09\/651.jpg\" alt=\"\" class=\"wp-image-549\" srcset=\"https:\/\/www.islandpferde-wenzel.at\/wp-content\/uploads\/2021\/09\/651.jpg 800w, https:\/\/www.islandpferde-wenzel.at\/wp-content\/uploads\/2021\/09\/651-300x225.jpg 300w, https:\/\/www.islandpferde-wenzel.at\/wp-content\/uploads\/2021\/09\/651-768x576.jpg 768w, https:\/\/www.islandpferde-wenzel.at\/wp-content\/uploads\/2021\/09\/651-619x464.jpg 619w\" sizes=\"auto, (max-width: 800px) 100vw, 800px\" \/><\/figure>\n\n\n\n<figure class=\"wp-block-image size-large\"><img loading=\"lazy\" decoding=\"async\" width=\"800\" height=\"533\" data-id=\"551\" src=\"https:\/\/www.islandpferde-wenzel.at\/wp-content\/uploads\/2021\/09\/thumb_769_1024.jpg\" alt=\"\" class=\"wp-image-551\" srcset=\"https:\/\/www.islandpferde-wenzel.at\/wp-content\/uploads\/2021\/09\/thumb_769_1024.jpg 800w, https:\/\/www.islandpferde-wenzel.at\/wp-content\/uploads\/2021\/09\/thumb_769_1024-300x200.jpg 300w, https:\/\/www.islandpferde-wenzel.at\/wp-content\/uploads\/2021\/09\/thumb_769_1024-768x512.jpg 768w, https:\/\/www.islandpferde-wenzel.at\/wp-content\/uploads\/2021\/09\/thumb_769_1024-619x412.jpg 619w\" sizes=\"auto, (max-width: 800px) 100vw, 800px\" \/><\/figure>\n\n\n\n<figure class=\"wp-block-image size-large\"><img loading=\"lazy\" decoding=\"async\" width=\"1024\" height=\"683\" data-id=\"554\" src=\"https:\/\/www.islandpferde-wenzel.at\/wp-content\/uploads\/2021\/09\/thumb_IMG_0597_1024-1024x683.jpg\" alt=\"\" class=\"wp-image-554\" srcset=\"https:\/\/www.islandpferde-wenzel.at\/wp-content\/uploads\/2021\/09\/thumb_IMG_0597_1024-1024x683.jpg 1024w, https:\/\/www.islandpferde-wenzel.at\/wp-content\/uploads\/2021\/09\/thumb_IMG_0597_1024-300x200.jpg 300w, https:\/\/www.islandpferde-wenzel.at\/wp-content\/uploads\/2021\/09\/thumb_IMG_0597_1024-768x512.jpg 768w, https:\/\/www.islandpferde-wenzel.at\/wp-content\/uploads\/2021\/09\/thumb_IMG_0597_1024-619x413.jpg 619w, https:\/\/www.islandpferde-wenzel.at\/wp-content\/uploads\/2021\/09\/thumb_IMG_0597_1024.jpg 1086w\" sizes=\"auto, (max-width: 1024px) 100vw, 1024px\" \/><\/figure>\n\n\n\n<figure class=\"wp-block-image size-large\"><img loading=\"lazy\" decoding=\"async\" width=\"683\" height=\"1024\" data-id=\"555\" src=\"https:\/\/www.islandpferde-wenzel.at\/wp-content\/uploads\/2021\/09\/thumb_IMG_0455_1024-683x1024.jpg\" alt=\"\" class=\"wp-image-555\" srcset=\"https:\/\/www.islandpferde-wenzel.at\/wp-content\/uploads\/2021\/09\/thumb_IMG_0455_1024-683x1024.jpg 683w, https:\/\/www.islandpferde-wenzel.at\/wp-content\/uploads\/2021\/09\/thumb_IMG_0455_1024-200x300.jpg 200w, https:\/\/www.islandpferde-wenzel.at\/wp-content\/uploads\/2021\/09\/thumb_IMG_0455_1024-619x929.jpg 619w, https:\/\/www.islandpferde-wenzel.at\/wp-content\/uploads\/2021\/09\/thumb_IMG_0455_1024.jpg 724w\" sizes=\"auto, (max-width: 683px) 100vw, 683px\" \/><\/figure>\n\n\n\n<figure class=\"wp-block-image size-large\"><img loading=\"lazy\" decoding=\"async\" width=\"800\" height=\"600\" data-id=\"552\" src=\"https:\/\/www.islandpferde-wenzel.at\/wp-content\/uploads\/2021\/09\/thumb_431_1024.jpg\" alt=\"\" class=\"wp-image-552\" srcset=\"https:\/\/www.islandpferde-wenzel.at\/wp-content\/uploads\/2021\/09\/thumb_431_1024.jpg 800w, https:\/\/www.islandpferde-wenzel.at\/wp-content\/uploads\/2021\/09\/thumb_431_1024-300x225.jpg 300w, https:\/\/www.islandpferde-wenzel.at\/wp-content\/uploads\/2021\/09\/thumb_431_1024-768x576.jpg 768w, https:\/\/www.islandpferde-wenzel.at\/wp-content\/uploads\/2021\/09\/thumb_431_1024-619x464.jpg 619w\" sizes=\"auto, (max-width: 800px) 100vw, 800px\" \/><\/figure>\n\n\n\n<figure class=\"wp-block-image size-large\"><img loading=\"lazy\" decoding=\"async\" width=\"1024\" height=\"768\" data-id=\"553\" src=\"https:\/\/www.islandpferde-wenzel.at\/wp-content\/uploads\/2021\/09\/thumb_IMG_20191214_141226_1024.jpg\" alt=\"\" class=\"wp-image-553\" srcset=\"https:\/\/www.islandpferde-wenzel.at\/wp-content\/uploads\/2021\/09\/thumb_IMG_20191214_141226_1024.jpg 1024w, https:\/\/www.islandpferde-wenzel.at\/wp-content\/uploads\/2021\/09\/thumb_IMG_20191214_141226_1024-300x225.jpg 300w, https:\/\/www.islandpferde-wenzel.at\/wp-content\/uploads\/2021\/09\/thumb_IMG_20191214_141226_1024-768x576.jpg 768w, https:\/\/www.islandpferde-wenzel.at\/wp-content\/uploads\/2021\/09\/thumb_IMG_20191214_141226_1024-619x464.jpg 619w\" sizes=\"auto, (max-width: 1024px) 100vw, 1024px\" \/><\/figure>\n<\/figure>\n","protected":false},"excerpt":{"rendered":"<p>Unterricht \u2055 Reitunterricht f\u00fcr Anf\u00e4nger, Fortgeschrittene und Turnierreiter \u2055 Wochenend- Intensivkurse mit Schulpferd oder eigenem Pferd &#8211; Gastboxen stehen zur Verf\u00fcgung, komfortable Unterkunftsm\u00f6glichkeiten mit hervorragender Gastronomie in der N\u00e4he \u2055 Unterricht in den speziellen Gangarten T\u00d6LT und RENNPASS durch ausgebildete Reitinstruktoren\/\u00dcbungsleiter \u2055 Kurse f\u00fcr diverse Abzeichen (Gangreitabzeichen, Reiterpass, Reiternadel etc.) \u2055 Spezialkurse mit qualifizierten Trainern [&hellip;]<\/p>\n","protected":false},"author":1,"featured_media":0,"parent":0,"menu_order":2,"comment_status":"closed","ping_status":"closed","template":"","meta":{"footnotes":""},"class_list":["post-22","page","type-page","status-publish","hentry"],"_links":{"self":[{"href":"https:\/\/www.islandpferde-wenzel.at\/index.php?rest_route=\/wp\/v2\/pages\/22","targetHints":{"allow":["GET"]}}],"collection":[{"href":"https:\/\/www.islandpferde-wenzel.at\/index.php?rest_route=\/wp\/v2\/pages"}],"about":[{"href":"https:\/\/www.islandpferde-wenzel.at\/index.php?rest_route=\/wp\/v2\/types\/page"}],"author":[{"embeddable":true,"href":"https:\/\/www.islandpferde-wenzel.at\/index.php?rest_route=\/wp\/v2\/users\/1"}],"replies":[{"embeddable":true,"href":"https:\/\/www.islandpferde-wenzel.at\/index.php?rest_route=%2Fwp%2Fv2%2Fcomments&post=22"}],"version-history":[{"count":18,"href":"https:\/\/www.islandpferde-wenzel.at\/index.php?rest_route=\/wp\/v2\/pages\/22\/revisions"}],"predecessor-version":[{"id":994,"href":"https:\/\/www.islandpferde-wenzel.at\/index.php?rest_route=\/wp\/v2\/pages\/22\/revisions\/994"}],"wp:attachment":[{"href":"https:\/\/www.islandpferde-wenzel.at\/index.php?rest_route=%2Fwp%2Fv2%2Fmedia&parent=22"}],"curies":[{"name":"wp","href":"https:\/\/api.w.org\/{rel}","templated":true}]}}