{"id":17,"date":"2025-11-14T21:19:54","date_gmt":"2025-11-14T21:19:54","guid":{"rendered":"http:\/\/neu.islandpferde-wenzel.at\/?page_id=17"},"modified":"2025-11-14T21:19:54","modified_gmt":"2025-11-14T21:19:54","slug":"uber-uns","status":"publish","type":"page","link":"https:\/\/www.islandpferde-wenzel.at\/?page_id=17","title":{"rendered":"\u00dcber uns"},"content":{"rendered":"\n<h1 class=\"wp-block-heading has-vivid-cyan-blue-color has-text-color has-link-color wp-elements-38c2474e1c192d5e6dcaebce873ae54f\"><\/h1>\n\n\n\n<p class=\"has-medium-font-size\">Unser Reitbetrieb bietet hochqualifizierten Reitunterricht mit gut ausgebildeten Schulpferden f\u00fcr Anf\u00e4nger und bereits erfahrene Reiter. In famili\u00e4rer Atmosph\u00e4re legen wir gro\u00dfen Wert auf die Sicherheit von Pferd und Reiter und bringen unseren Nachwuchsreitern ein sportlich faires Verhalten gegen\u00fcber Pferden und Reitkameraden bei.<br>Das Ziel unserer Pferdezucht sind charakterstarke, gehfreudige und leicht zu reitende Pferde f\u00fcr Freizeit- und Turnierreiter. Dank unserer langj\u00e4hrigen Erfahrung mit Islandpferden konnten wir klassische und moderne Trainingsmethoden zu einem perfekt abgestimmten Trainingskonzept f\u00fcr die Pferdeausbildung weiterentwickeln.&nbsp;Der Erfolg wird uns von zufriedenen K\u00e4ufern gesunder, vitaler Pferde und vielen Turniererfolgen best\u00e4tigt.<\/p>\n\n\n\n<figure class=\"wp-block-gallery has-nested-images columns-default is-cropped wp-block-gallery-1 is-layout-flex wp-block-gallery-is-layout-flex\">\n<figure class=\"wp-block-image size-large\"><img loading=\"lazy\" decoding=\"async\" width=\"1024\" height=\"768\" data-id=\"119\" src=\"https:\/\/www.islandpferde-wenzel.at\/wp-content\/uploads\/2017\/04\/IMG_0177-1024x768.jpg\" alt=\"\" class=\"wp-image-119\" srcset=\"https:\/\/www.islandpferde-wenzel.at\/wp-content\/uploads\/2017\/04\/IMG_0177-1024x768.jpg 1024w, https:\/\/www.islandpferde-wenzel.at\/wp-content\/uploads\/2017\/04\/IMG_0177-300x225.jpg 300w, https:\/\/www.islandpferde-wenzel.at\/wp-content\/uploads\/2017\/04\/IMG_0177-768x576.jpg 768w, https:\/\/www.islandpferde-wenzel.at\/wp-content\/uploads\/2017\/04\/IMG_0177-619x464.jpg 619w\" sizes=\"auto, (max-width: 1024px) 100vw, 1024px\" \/><\/figure>\n\n\n\n<figure class=\"wp-block-image size-large\"><img loading=\"lazy\" decoding=\"async\" width=\"1024\" height=\"768\" data-id=\"118\" src=\"https:\/\/www.islandpferde-wenzel.at\/wp-content\/uploads\/2017\/04\/Monika2-1024x768.jpg\" alt=\"\" class=\"wp-image-118\" srcset=\"https:\/\/www.islandpferde-wenzel.at\/wp-content\/uploads\/2017\/04\/Monika2-1024x768.jpg 1024w, https:\/\/www.islandpferde-wenzel.at\/wp-content\/uploads\/2017\/04\/Monika2-300x225.jpg 300w, https:\/\/www.islandpferde-wenzel.at\/wp-content\/uploads\/2017\/04\/Monika2-768x576.jpg 768w, https:\/\/www.islandpferde-wenzel.at\/wp-content\/uploads\/2017\/04\/Monika2-619x464.jpg 619w\" sizes=\"auto, (max-width: 1024px) 100vw, 1024px\" \/><\/figure>\n\n\n\n<figure class=\"wp-block-image size-large\"><img loading=\"lazy\" decoding=\"async\" width=\"640\" height=\"427\" data-id=\"895\" src=\"https:\/\/www.islandpferde-wenzel.at\/wp-content\/uploads\/2025\/01\/PN0_3691-1.jpeg\" alt=\"\" class=\"wp-image-895\" srcset=\"https:\/\/www.islandpferde-wenzel.at\/wp-content\/uploads\/2025\/01\/PN0_3691-1.jpeg 640w, https:\/\/www.islandpferde-wenzel.at\/wp-content\/uploads\/2025\/01\/PN0_3691-1-300x200.jpeg 300w, https:\/\/www.islandpferde-wenzel.at\/wp-content\/uploads\/2025\/01\/PN0_3691-1-619x413.jpeg 619w\" sizes=\"auto, (max-width: 640px) 100vw, 640px\" \/><\/figure>\n\n\n\n<figure class=\"wp-block-image size-large\"><img loading=\"lazy\" decoding=\"async\" width=\"960\" height=\"640\" data-id=\"200\" src=\"https:\/\/www.islandpferde-wenzel.at\/wp-content\/uploads\/2017\/12\/14962802_931021183709196_5894558682659767602_n.jpg\" alt=\"\" class=\"wp-image-200\" srcset=\"https:\/\/www.islandpferde-wenzel.at\/wp-content\/uploads\/2017\/12\/14962802_931021183709196_5894558682659767602_n.jpg 960w, https:\/\/www.islandpferde-wenzel.at\/wp-content\/uploads\/2017\/12\/14962802_931021183709196_5894558682659767602_n-300x200.jpg 300w, https:\/\/www.islandpferde-wenzel.at\/wp-content\/uploads\/2017\/12\/14962802_931021183709196_5894558682659767602_n-768x512.jpg 768w, https:\/\/www.islandpferde-wenzel.at\/wp-content\/uploads\/2017\/12\/14962802_931021183709196_5894558682659767602_n-619x413.jpg 619w\" sizes=\"auto, (max-width: 960px) 100vw, 960px\" \/><\/figure>\n\n\n\n<figure class=\"wp-block-image size-large\"><img loading=\"lazy\" decoding=\"async\" width=\"1024\" height=\"744\" data-id=\"145\" src=\"https:\/\/www.islandpferde-wenzel.at\/wp-content\/uploads\/2017\/04\/IMG_3678-1024x744.jpg\" alt=\"\" class=\"wp-image-145\" srcset=\"https:\/\/www.islandpferde-wenzel.at\/wp-content\/uploads\/2017\/04\/IMG_3678-1024x744.jpg 1024w, https:\/\/www.islandpferde-wenzel.at\/wp-content\/uploads\/2017\/04\/IMG_3678-300x218.jpg 300w, https:\/\/www.islandpferde-wenzel.at\/wp-content\/uploads\/2017\/04\/IMG_3678-768x558.jpg 768w, https:\/\/www.islandpferde-wenzel.at\/wp-content\/uploads\/2017\/04\/IMG_3678-619x450.jpg 619w, https:\/\/www.islandpferde-wenzel.at\/wp-content\/uploads\/2017\/04\/IMG_3678.jpg 1198w\" sizes=\"auto, (max-width: 1024px) 100vw, 1024px\" \/><\/figure>\n\n\n\n<figure class=\"wp-block-image size-large\"><img loading=\"lazy\" decoding=\"async\" width=\"1024\" height=\"683\" data-id=\"144\" src=\"https:\/\/www.islandpferde-wenzel.at\/wp-content\/uploads\/2017\/04\/IMG_1990-1024x683.jpg\" alt=\"\" class=\"wp-image-144\" srcset=\"https:\/\/www.islandpferde-wenzel.at\/wp-content\/uploads\/2017\/04\/IMG_1990-1024x683.jpg 1024w, https:\/\/www.islandpferde-wenzel.at\/wp-content\/uploads\/2017\/04\/IMG_1990-300x200.jpg 300w, https:\/\/www.islandpferde-wenzel.at\/wp-content\/uploads\/2017\/04\/IMG_1990-768x512.jpg 768w, https:\/\/www.islandpferde-wenzel.at\/wp-content\/uploads\/2017\/04\/IMG_1990-619x413.jpg 619w, https:\/\/www.islandpferde-wenzel.at\/wp-content\/uploads\/2017\/04\/IMG_1990.jpg 2048w\" sizes=\"auto, (max-width: 1024px) 100vw, 1024px\" \/><\/figure>\n<\/figure>\n","protected":false},"excerpt":{"rendered":"<p>Unser Reitbetrieb bietet hochqualifizierten Reitunterricht mit gut ausgebildeten Schulpferden f\u00fcr Anf\u00e4nger und bereits erfahrene Reiter. In famili\u00e4rer Atmosph\u00e4re legen wir gro\u00dfen Wert auf die Sicherheit von Pferd und Reiter und bringen unseren Nachwuchsreitern ein sportlich faires Verhalten gegen\u00fcber Pferden und Reitkameraden bei.Das Ziel unserer Pferdezucht sind charakterstarke, gehfreudige und leicht zu reitende Pferde f\u00fcr Freizeit- [&hellip;]<\/p>\n","protected":false},"author":1,"featured_media":0,"parent":0,"menu_order":7,"comment_status":"closed","ping_status":"closed","template":"","meta":{"footnotes":""},"class_list":["post-17","page","type-page","status-publish","hentry"],"_links":{"self":[{"href":"https:\/\/www.islandpferde-wenzel.at\/index.php?rest_route=\/wp\/v2\/pages\/17","targetHints":{"allow":["GET"]}}],"collection":[{"href":"https:\/\/www.islandpferde-wenzel.at\/index.php?rest_route=\/wp\/v2\/pages"}],"about":[{"href":"https:\/\/www.islandpferde-wenzel.at\/index.php?rest_route=\/wp\/v2\/types\/page"}],"author":[{"embeddable":true,"href":"https:\/\/www.islandpferde-wenzel.at\/index.php?rest_route=\/wp\/v2\/users\/1"}],"replies":[{"embeddable":true,"href":"https:\/\/www.islandpferde-wenzel.at\/index.php?rest_route=%2Fwp%2Fv2%2Fcomments&post=17"}],"version-history":[{"count":9,"href":"https:\/\/www.islandpferde-wenzel.at\/index.php?rest_route=\/wp\/v2\/pages\/17\/revisions"}],"predecessor-version":[{"id":985,"href":"https:\/\/www.islandpferde-wenzel.at\/index.php?rest_route=\/wp\/v2\/pages\/17\/revisions\/985"}],"wp:attachment":[{"href":"https:\/\/www.islandpferde-wenzel.at\/index.php?rest_route=%2Fwp%2Fv2%2Fmedia&parent=17"}],"curies":[{"name":"wp","href":"https:\/\/api.w.org\/{rel}","templated":true}]}}