{"id":1077,"date":"2025-11-14T21:16:57","date_gmt":"2025-11-14T21:16:57","guid":{"rendered":"https:\/\/www.islandpferde-wenzel.at\/?page_id=1077"},"modified":"2025-11-14T21:41:17","modified_gmt":"2025-11-14T21:41:17","slug":"integratives-reiten","status":"publish","type":"page","link":"https:\/\/www.islandpferde-wenzel.at\/?page_id=1077","title":{"rendered":"Integratives Reiten"},"content":{"rendered":"\n<figure class=\"wp-block-gallery has-nested-images columns-default is-cropped wp-block-gallery-1 is-layout-flex wp-block-gallery-is-layout-flex\">\n<figure class=\"wp-block-image size-large\"><img loading=\"lazy\" decoding=\"async\" width=\"458\" height=\"360\" data-id=\"1079\" src=\"https:\/\/www.islandpferde-wenzel.at\/wp-content\/uploads\/2025\/11\/foto-integrativ2.jpg\" alt=\"\" class=\"wp-image-1079\" srcset=\"https:\/\/www.islandpferde-wenzel.at\/wp-content\/uploads\/2025\/11\/foto-integrativ2.jpg 458w, https:\/\/www.islandpferde-wenzel.at\/wp-content\/uploads\/2025\/11\/foto-integrativ2-300x236.jpg 300w\" sizes=\"auto, (max-width: 458px) 100vw, 458px\" \/><\/figure>\n\n\n\n<figure class=\"wp-block-image size-large\"><img loading=\"lazy\" decoding=\"async\" width=\"639\" height=\"627\" data-id=\"1080\" src=\"https:\/\/www.islandpferde-wenzel.at\/wp-content\/uploads\/2025\/11\/Integrativ-marion.png\" alt=\"\" class=\"wp-image-1080\" srcset=\"https:\/\/www.islandpferde-wenzel.at\/wp-content\/uploads\/2025\/11\/Integrativ-marion.png 639w, https:\/\/www.islandpferde-wenzel.at\/wp-content\/uploads\/2025\/11\/Integrativ-marion-300x294.png 300w, https:\/\/www.islandpferde-wenzel.at\/wp-content\/uploads\/2025\/11\/Integrativ-marion-619x607.png 619w\" sizes=\"auto, (max-width: 639px) 100vw, 639px\" \/><\/figure>\n<\/figure>\n\n\n\n<h2 class=\"wp-block-heading has-vivid-green-cyan-color has-text-color has-link-color wp-elements-b1b9acfb0cfc2c3847b9bd90c9b8d78a\"><strong>Was ist Integratives Reiten?<\/strong><\/h2>\n\n\n\n<p class=\"has-medium-font-size\">Beim Integrativen Reiten steht das harmonische Miteinander von Mensch und Pferd im Mittelpunkt. Nicht Leistung, sondern das gemeinsame Erleben z\u00e4hlt. Pferde begegnen uns ehrlich und sensibel \u2013 sie f\u00f6rdern K\u00f6rperbewusstsein, Gleichgewicht, Konzentration und Selbstvertrauen.<br>\u201eDas Pferd tr\u00e4gt \u2013 k\u00f6rperlich und seelisch.\u201c<br><\/p>\n\n\n\n<h2 class=\"wp-block-heading has-vivid-green-cyan-color has-text-color has-link-color wp-elements-c5fe65ad0f6bc78ff608719172f62fba\"><strong>Ziele und Wirkungen<\/strong><\/h2>\n\n\n\n<p class=\"has-medium-font-size\">\u2022 F\u00f6rderung von Gleichgewicht und K\u00f6rperwahrnehmung<br>\u2022 St\u00e4rkung von Konzentration und Selbstbewusstsein<br>\u2022 Entwicklung sozialer Kompetenzen und Achtsamkeit<br>\u2022 Positive Bewegungserfahrungen in der Natur<\/p>\n\n\n\n<h2 class=\"wp-block-heading has-vivid-green-cyan-color has-text-color has-link-color wp-elements-06c243cf5cafee081a6eecf2911b5752\"><strong>F\u00fcr wen ist das Angebot geeignet?<\/strong><\/h2>\n\n\n\n<p class=\"has-medium-font-size\">Das Angebot richtet sich an Kinder, Jugendliche und Erwachsene \u2013 mit und ohne Beeintr\u00e4chtigung. Besonders geeignet f\u00fcr Menschen mit Lern- oder<br>Entwicklungsverz\u00f6gerungen, k\u00f6rperlichen oder emotionalen Herausforderungen. Jede Einheit wird individuell gestaltet<\/p>\n\n\n\n<p class=\"has-vivid-green-cyan-color has-text-color has-link-color has-medium-font-size wp-elements-571936eefe47e1f7c3b6dad186ba2a88\"><strong><em>Kontaktieren Sie uns gerne f\u00fcr n\u00e4here Informationen!<\/em><\/strong><\/p>\n","protected":false},"excerpt":{"rendered":"<p>Was ist Integratives Reiten? Beim Integrativen Reiten steht das harmonische Miteinander von Mensch und Pferd im Mittelpunkt. Nicht Leistung, sondern das gemeinsame Erleben z\u00e4hlt. Pferde begegnen uns ehrlich und sensibel \u2013 sie f\u00f6rdern K\u00f6rperbewusstsein, Gleichgewicht, Konzentration und Selbstvertrauen.\u201eDas Pferd tr\u00e4gt \u2013 k\u00f6rperlich und seelisch.\u201c Ziele und Wirkungen \u2022 F\u00f6rderung von Gleichgewicht und K\u00f6rperwahrnehmung\u2022 St\u00e4rkung von [&hellip;]<\/p>\n","protected":false},"author":1,"featured_media":0,"parent":0,"menu_order":8,"comment_status":"closed","ping_status":"closed","template":"","meta":{"footnotes":""},"class_list":["post-1077","page","type-page","status-publish","hentry"],"_links":{"self":[{"href":"https:\/\/www.islandpferde-wenzel.at\/index.php?rest_route=\/wp\/v2\/pages\/1077","targetHints":{"allow":["GET"]}}],"collection":[{"href":"https:\/\/www.islandpferde-wenzel.at\/index.php?rest_route=\/wp\/v2\/pages"}],"about":[{"href":"https:\/\/www.islandpferde-wenzel.at\/index.php?rest_route=\/wp\/v2\/types\/page"}],"author":[{"embeddable":true,"href":"https:\/\/www.islandpferde-wenzel.at\/index.php?rest_route=\/wp\/v2\/users\/1"}],"replies":[{"embeddable":true,"href":"https:\/\/www.islandpferde-wenzel.at\/index.php?rest_route=%2Fwp%2Fv2%2Fcomments&post=1077"}],"version-history":[{"count":4,"href":"https:\/\/www.islandpferde-wenzel.at\/index.php?rest_route=\/wp\/v2\/pages\/1077\/revisions"}],"predecessor-version":[{"id":1121,"href":"https:\/\/www.islandpferde-wenzel.at\/index.php?rest_route=\/wp\/v2\/pages\/1077\/revisions\/1121"}],"wp:attachment":[{"href":"https:\/\/www.islandpferde-wenzel.at\/index.php?rest_route=%2Fwp%2Fv2%2Fmedia&parent=1077"}],"curies":[{"name":"wp","href":"https:\/\/api.w.org\/{rel}","templated":true}]}}